{"id":16910,"date":"2020-07-18T12:40:43","date_gmt":"2020-07-18T11:40:43","guid":{"rendered":"https:\/\/www.hlbhonduras.com\/join-our-great-team\/"},"modified":"2024-01-03T22:32:18","modified_gmt":"2024-01-03T22:32:18","slug":"join-our-great-team","status":"publish","type":"page","link":"https:\/\/www.hlbhonduras.com\/en\/join-our-great-team\/","title":{"rendered":"Join our great team"},"content":{"rendered":"<div id=\"cs-content\" class=\"cs-content\"><\/div>\n","protected":false},"excerpt":{"rendered":"<p>Join our great team HLB es una red global que presta servicios de profesionales de auditor\u00eda, de contabilidad, impuestos, legales y consultor\u00edas, con presencia en 156 pa\u00edses, contamos con 1,128 oficinas y alrededor de 41,000 profesionales que d\u00eda a d\u00eda demuestran su compromiso y energ\u00eda para cumplir nuestros objetivos. \u00a0 En HLB, ofrecemos m\u00faltiples oportunidades de crecimiento laboral y profesional.\u00a0 &#8230; <a href=\"https:\/\/www.hlbhonduras.com\/en\/join-our-great-team\/\" class=\"more-link\">Read More<\/a><\/p>\n","protected":false},"author":1,"featured_media":0,"parent":0,"menu_order":0,"comment_status":"closed","ping_status":"closed","template":"template-blank-4.php","meta":{"_monsterinsights_skip_tracking":false,"_monsterinsights_sitenote_active":false,"_monsterinsights_sitenote_note":"","_monsterinsights_sitenote_category":0},"acf":[],"aioseo_notices":[],"_links":{"self":[{"href":"https:\/\/www.hlbhonduras.com\/en\/wp-json\/wp\/v2\/pages\/16910"}],"collection":[{"href":"https:\/\/www.hlbhonduras.com\/en\/wp-json\/wp\/v2\/pages"}],"about":[{"href":"https:\/\/www.hlbhonduras.com\/en\/wp-json\/wp\/v2\/types\/page"}],"author":[{"embeddable":true,"href":"https:\/\/www.hlbhonduras.com\/en\/wp-json\/wp\/v2\/users\/1"}],"replies":[{"embeddable":true,"href":"https:\/\/www.hlbhonduras.com\/en\/wp-json\/wp\/v2\/comments?post=16910"}],"version-history":[{"count":7,"href":"https:\/\/www.hlbhonduras.com\/en\/wp-json\/wp\/v2\/pages\/16910\/revisions"}],"predecessor-version":[{"id":17445,"href":"https:\/\/www.hlbhonduras.com\/en\/wp-json\/wp\/v2\/pages\/16910\/revisions\/17445"}],"wp:attachment":[{"href":"https:\/\/www.hlbhonduras.com\/en\/wp-json\/wp\/v2\/media?parent=16910"}],"curies":[{"name":"wp","href":"https:\/\/api.w.org\/{rel}","templated":true}]}}